{"id":6,"date":"2026-01-01T17:05:00","date_gmt":"2026-01-01T22:05:00","guid":{"rendered":"https:\/\/despierta.viveayacucho.com\/?page_id=6"},"modified":"2026-02-01T09:21:00","modified_gmt":"2026-02-01T14:21:00","slug":"comprar","status":"publish","type":"page","link":"https:\/\/despierta.viveayacucho.com\/","title":{"rendered":"Comprar Vivir Despierta"},"content":{"rendered":"\n<figure class=\"wp-block-image aligncenter size-large\"><img loading=\"lazy\" decoding=\"async\" width=\"676\" height=\"1024\" src=\"https:\/\/despierta.viveayacucho.com\/wp-content\/uploads\/2026\/02\/TAPA-676x1024.jpeg\" alt=\"\" class=\"wp-image-91\" srcset=\"https:\/\/despierta.viveayacucho.com\/wp-content\/uploads\/2026\/02\/TAPA-676x1024.jpeg 676w, https:\/\/despierta.viveayacucho.com\/wp-content\/uploads\/2026\/02\/TAPA-198x300.jpeg 198w, https:\/\/despierta.viveayacucho.com\/wp-content\/uploads\/2026\/02\/TAPA-768x1164.jpeg 768w, https:\/\/despierta.viveayacucho.com\/wp-content\/uploads\/2026\/02\/TAPA-1014x1536.jpeg 1014w, https:\/\/despierta.viveayacucho.com\/wp-content\/uploads\/2026\/02\/TAPA.jpeg 1056w\" sizes=\"auto, (max-width: 676px) 100vw, 676px\" \/><\/figure>\n\n\n\n<div class=\"wp-block-columns is-layout-flex wp-container-core-columns-is-layout-2ff603ef wp-block-columns-is-layout-flex\" style=\"padding-top:0;padding-right:0;padding-bottom:0;padding-left:0\">\n<div class=\"wp-block-column has-medium-font-size has-global-padding is-content-justification-center is-layout-constrained wp-block-column-is-layout-constrained\" style=\"flex-basis:100%\">\n<h2 class=\"wp-block-heading has-text-align-center has-large-font-size\" id=\"block-2f8a50f6-952c-4b65-8ebf-a88d3eb60fa0\" style=\"margin-top:0;margin-right:0;margin-bottom:0;margin-left:0\"><strong>\u00bfQuieres obtener tu copia en papel?<\/strong><\/h2>\n\n\n\n<p id=\"block-e37c3e4d-5868-44cb-8515-6d7c5d84b474\">Por favor completa los datos para el env\u00edo dentro de Argentina y adjunta el comprobante de la transferencia.<\/p>\n\n\n\n<p>Recibir\u00e1s un email de confirmaci\u00f3n cuando recibamos tu pago y otro con el n\u00famero de seguimiento de tu env\u00edo.<\/p>\n\n\n\n<p>Si deseas comprar desde el exterior  o tienes alguna duda, ponte en contacto con <strong>comovivirdespierta@gmail.com<\/strong><\/p>\n\n\n\n<p>Realizar transferencia (ARS 35.000 &#8211; incluye envio) a:<\/p>\n\n\n\n<p><strong>CBU &nbsp;<\/strong>0070999030004089584900<\/p>\n\n\n\n<p><strong>ALIAS <\/strong>andrea.galiciapesos<\/p>\n\n\n\n<p><strong>BANCO GALICIA<\/strong> &#8211; CA $ 4089584-9 999-0<\/p>\n<\/div>\n\n\n\n<div class=\"wp-block-column is-vertically-aligned-stretch has-global-padding is-layout-constrained wp-block-column-is-layout-constrained\" style=\"flex-basis:100%\">\n<div class=\"forminator-guttenberg\"><div class=\"forminator-ui forminator-custom-form forminator-custom-form-85 forminator-design--default  forminator_ajax\" data-forminator-render=\"0\" data-form=\"forminator-module-85\" data-uid=\"69f51415778c7\"><br\/><\/div><form\n\t\t\t\tid=\"forminator-module-85\"\n\t\t\t\tclass=\"forminator-ui forminator-custom-form forminator-custom-form-85 forminator-design--default  forminator_ajax\"\n\t\t\t\tmethod=\"post\"\n\t\t\t\tdata-forminator-render=\"0\"\n\t\t\t\tdata-form-id=\"85\"\n\t\t\t\tenctype=\"multipart\/form-data\" data-color-option=\"theme\" data-design=\"default\" data-grid=\"open\" style=\"display: none;\"\n\t\t\t\tdata-uid=\"69f51415778c7\"\n\t\t\t><div role=\"alert\" aria-live=\"polite\" class=\"forminator-response-message forminator-error\" aria-hidden=\"true\"><\/div><div class=\"forminator-row\"><div id=\"name-1\" class=\"forminator-field-name forminator-col forminator-col-12 \"><div class=\"forminator-field\"><label for=\"forminator-field-name-1_69f51415778c7\" id=\"forminator-field-name-1_69f51415778c7-label\" class=\"forminator-label\">Nombre y Apellido <span class=\"forminator-required\">*<\/span><\/label><input type=\"text\" name=\"name-1\" value=\"\" placeholder=\"\" id=\"forminator-field-name-1_69f51415778c7\" class=\"forminator-input forminator-name--field\" aria-required=\"true\" autocomplete=\"name\" \/><\/div><\/div><\/div><div class=\"forminator-row\"><div id=\"select-1\" class=\"forminator-field-select forminator-col forminator-col-12 \"><div class=\"forminator-field\"><label for=\"forminator-form-85__field--select-1_69f51415778c7\" id=\"forminator-form-85__field--select-1_69f51415778c7-label\" class=\"forminator-label\">Provincia<\/label><select  id=\"forminator-form-85__field--select-1_69f51415778c7\" class=\"forminator-select--field forminator-select2 forminator-select2-multiple\" data-required=\"\" name=\"select-1\" data-default-value=\"\" data-hidden-behavior=\"zero\" data-placeholder=\"\" data-search=\"false\" data-search-placeholder=\"\" data-checkbox=\"false\" data-allow-clear=\"false\" aria-labelledby=\"forminator-form-85__field--select-1_69f51415778c7-label\"><option value=\"one\"  data-calculation=\"0\">Ciudad Aut\u00f3noma de Buenos Aires<\/option><option value=\"two\"  data-calculation=\"0\">Buenos Aires<\/option><option value=\"Catamarca\"  data-calculation=\"0\">Catamarca<\/option><option value=\"Chaco\"  data-calculation=\"0\">Chaco<\/option><option value=\"Chubut\"  data-calculation=\"0\">Chubut<\/option><option value=\"C\u00f3rdoba\"  data-calculation=\"0\">C\u00f3rdoba<\/option><option value=\"Corrientes\"  data-calculation=\"0\">Corrientes<\/option><option value=\"Entre-R\u00edos\"  data-calculation=\"0\">Entre R\u00edos<\/option><option value=\"Formosa\"  data-calculation=\"0\">Formosa<\/option><option value=\"Jujuy\"  data-calculation=\"0\">Jujuy<\/option><option value=\"La-Pampa\"  data-calculation=\"0\">La Pampa<\/option><option value=\"La-Rioja\"  data-calculation=\"0\">La Rioja<\/option><option value=\"Mendoza\"  data-calculation=\"0\">Mendoza<\/option><option value=\"Misiones\"  data-calculation=\"0\">Misiones<\/option><option value=\"Neuqu\u00e9n\"  data-calculation=\"0\">Neuqu\u00e9n<\/option><option value=\"R\u00edo-Negro\"  data-calculation=\"0\">R\u00edo Negro<\/option><option value=\"Salta\"  data-calculation=\"0\">Salta<\/option><option value=\"San-Juan\"  data-calculation=\"0\">San Juan<\/option><option value=\"San-Luis\"  data-calculation=\"0\">San Luis<\/option><option value=\"Santa-Cruz\"  data-calculation=\"0\">Santa Cruz<\/option><option value=\"Santa-Fe\"  data-calculation=\"0\">Santa Fe<\/option><option value=\"Santiago-del-Estero\"  data-calculation=\"0\">Santiago del Estero<\/option><option value=\"Tierra-del-Fuego\"  data-calculation=\"0\">Tierra del Fuego<\/option><option value=\"Tucum\u00e1n\"  data-calculation=\"0\">Tucum\u00e1n<\/option><\/select><\/div><\/div><\/div><div class=\"forminator-row\"><div id=\"address-1\" class=\"forminator-field-address forminator-col forminator-col-12 \"><div class=\"forminator-row\"><div id=\"address-1-street_address\" class=\"forminator-col\"><div class=\"forminator-field\"><label for=\"forminator-field-address-1-street_address_69f51415778c7\" id=\"forminator-field-address-1-street_address_69f51415778c7-label\" class=\"forminator-label\">Direcci\u00f3n (calle y altura) <span class=\"forminator-required\">*<\/span><\/label><input type=\"text\" name=\"address-1-street_address\" placeholder=\"\" id=\"forminator-field-address-1-street_address_69f51415778c7\" class=\"forminator-input\" data-required=\"1\" aria-required=\"true\" autocomplete=\"address-line1\" value=\"\" \/><\/div><\/div><\/div><div class=\"forminator-row\"><div id=\"address-1-address_line\" class=\"forminator-col\"><div class=\"forminator-field\"><label for=\"forminator-field-address-1-address_line_69f51415778c7\" id=\"forminator-field-address-1-address_line_69f51415778c7-label\" class=\"forminator-label\">Piso, departamento, etc. <span class=\"forminator-required\">*<\/span><\/label><input type=\"text\" name=\"address-1-address_line\" placeholder=\"\" id=\"forminator-field-address-1-address_line_69f51415778c7\" class=\"forminator-input\" data-required=\"1\" aria-required=\"true\" autocomplete=\"address-line2\" value=\"\" \/><\/div><\/div><\/div><div class=\"forminator-row\" data-multiple=\"false\"><div id=\"address-1-city\" class=\"forminator-col forminator-col-12\"><div class=\"forminator-field\"><label for=\"forminator-field-address-1-city_69f51415778c7\" id=\"forminator-field-address-1-city_69f51415778c7-label\" class=\"forminator-label\">Localidad <span class=\"forminator-required\">*<\/span><\/label><input type=\"text\" name=\"address-1-city\" placeholder=\"\" id=\"forminator-field-address-1-city_69f51415778c7\" class=\"forminator-input\" data-required=\"1\" aria-required=\"true\" autocomplete=\"address-level2\" value=\"\" \/><\/div><\/div><\/div><div class=\"forminator-row\" data-multiple=\"false\"><div id=\"address-1-zip\" class=\"forminator-col forminator-col-12\"><div class=\"forminator-field\"><label for=\"forminator-field-address-1-zip_69f51415778c7\" id=\"forminator-field-address-1-zip_69f51415778c7-label\" class=\"forminator-label\">C\u00f3digo postal <span class=\"forminator-required\">*<\/span><\/label><input type=\"text\" name=\"address-1-zip\" placeholder=\"\" id=\"forminator-field-address-1-zip_69f51415778c7\" class=\"forminator-input\" autocomplete=\"postal-code\" value=\"\" \/><\/div><\/div><\/div><\/div><\/div><div class=\"forminator-row\"><div id=\"email-1\" class=\"forminator-field-email forminator-col forminator-col-12 \"><div class=\"forminator-row-inside forminator-row-with-confirmation-email\"><div class=\"forminator-col forminator-col-6\"><div class=\"forminator-field\"><label for=\"forminator-field-email-1_69f51415778c7\" id=\"forminator-field-email-1_69f51415778c7-label\" class=\"forminator-label\">Direcci\u00f3n de correo electr\u00f3nico <span class=\"forminator-required\">*<\/span><\/label><input type=\"email\" name=\"email-1\" value=\"\" placeholder=\"\" id=\"forminator-field-email-1_69f51415778c7\" class=\"forminator-input forminator-email--field\" data-required=\"1\" aria-required=\"true\" autocomplete=\"email\" \/><\/div><\/div><div class=\"forminator-col forminator-col-6\"><div class=\"forminator-field\"><label for=\"forminator-field-confirm_email-1_69f51415778c7\" id=\"forminator-field-confirm_email-1_69f51415778c7-label\" class=\"forminator-label\">Confirmar la direcci\u00f3n de correo electr\u00f3nico <span class=\"forminator-required\">*<\/span><\/label><input type=\"email\" name=\"confirm_email-1\" value=\"\" placeholder=\"Vuelve a escribir la direcci\u00f3n de correo electr\u00f3nico\" id=\"forminator-field-confirm_email-1_69f51415778c7\" class=\"forminator-input forminator-name--field\" data-required=\"1\" aria-required=\"true\" autocomplete=\"email\" \/><\/div><\/div><\/div><\/div><\/div><div class=\"forminator-row\"><div id=\"phone-1\" class=\"forminator-field-phone forminator-col forminator-col-12 \"><div class=\"forminator-field\"><label for=\"forminator-field-phone-1_69f51415778c7\" id=\"forminator-field-phone-1_69f51415778c7-label\" class=\"forminator-label\">N\u00famero de tel\u00e9fono <span class=\"forminator-required\">*<\/span><\/label><span id=\"forminator-field-phone-1_69f51415778c7-description\" class=\"forminator-description\" id=\"forminator-field-phone-1_69f51415778c7-description\">C\u00f3digo de \u00e1rea sin cero + nro. celular sin 15<\/span><input type=\"text\" name=\"phone-1\" value=\"\" placeholder=\"\" id=\"forminator-field-phone-1_69f51415778c7\" class=\"forminator-input forminator-field--phone\" data-required=\"1\" aria-required=\"true\" autocomplete=\"off\" data-validation=\"1\" aria-describedby=\"forminator-field-phone-1_69f51415778c7-description\" \/><\/div><\/div><\/div><div class=\"forminator-row\"><div id=\"textarea-1\" class=\"forminator-field-textarea forminator-col forminator-col-12 \"><div class=\"forminator-field\"><label for=\"forminator-field-textarea-1_69f51415778c7\" id=\"forminator-field-textarea-1_69f51415778c7-label\" class=\"forminator-label\">Observaciones<\/label><span id=\"forminator-field-textarea-1_69f51415778c7-description\" class=\"forminator-description\"><span data-limit=\"180\" data-type=\"characters\" data-editor=\"\">0 \/ 180<\/span><\/span><textarea name=\"textarea-1\" placeholder=\"\" id=\"forminator-field-textarea-1_69f51415778c7\" class=\"forminator-textarea\" rows=\"6\" style=\"--forminator-textarea-min-height:140px;\" maxlength=\"180\" ><\/textarea><\/div><\/div><\/div><div class=\"forminator-row\"><div id=\"upload-1\" class=\"forminator-field-upload forminator-col forminator-col-12 \"><div class=\"forminator-field\"><label for=\"forminator-field-upload-1_69f51415778c7\" id=\"forminator-field-upload-1_69f51415778c7-label\" class=\"forminator-label\">Comprobante de transferencia <span class=\"forminator-required\">*<\/span><\/label><span id=\"forminator-field-upload-1_69f51415778c7-description\" class=\"forminator-description\">Si el apellido difiere del que figura en el comprobante, por favor aclarar en observaciones<\/span><div class=\"forminator-file-upload \" data-element=\"upload-1_69f51415778c7\" aria-describedby=\"forminator-field-upload-1_69f51415778c7-description\"><input type=\"file\" name=\"upload-1\" id=\"forminator-field-upload-1_69f51415778c7\" class=\"forminator-input-file-required do-validate\" accept=\".jpg,.jpeg,.jpe,.gif,.png,.bmp,.tiff,.tif,.webp,.avif,.ico,.heic,.heif,.heics,.heifs,.asf,.asx,.wmv,.wmx,.wm,.avi,.divx,.flv,.mov,.qt,.mpeg,.mpg,.mpe,.mp4,.m4v,.ogv,.webm,.mkv,.3gp,.3gpp,.3g2,.3gp2,.txt,.asc,.c,.cc,.h,.srt,.csv,.tsv,.ics,.rtx,.vtt,.mp3,.m4a,.m4b,.aac,.ra,.ram,.wav,.x-wav,.ogg,.oga,.flac,.mid,.midi,.wma,.wax,.mka,.rtf,.pdf,.class,.tar,.zip,.gz,.gzip,.7z,.psd,.xcf,.doc,.pot,.pps,.ppt,.wri,.xla,.xls,.xlt,.xlw,.mdb,.mpp,.docx,.docm,.dotx,.dotm,.xlsx,.xlsm,.xlsb,.xltx,.xltm,.xlam,.pptx,.pptm,.ppsx,.ppsm,.potx,.potm,.ppam,.sldx,.sldm,.onetoc,.onetoc2,.onetmp,.onepkg,.oxps,.xps,.odt,.odp,.ods,.odg,.odc,.odb,.odf,.wp,.wpd,.key,.numbers,.pages\" tabindex=\"-1\"><button id=\"forminator-field-upload-1_69f51415778c7_button\" class=\"forminator-button forminator-button-upload\" data-id=\"forminator-field-upload-1_69f51415778c7\">Elegir archivo<\/button><span data-empty-text=\"Ning\u00fan archivo seleccionado\">Ning\u00fan archivo seleccionado<\/span><button class=\"forminator-button-delete\" style=\"display: none;\"><i class=\"forminator-icon-close\" aria-hidden=\"true\"><\/i><span class=\"forminator-screen-reader-only\">Eliminar el archivo subido<\/span><\/button><\/div><\/div><\/div><\/div><input type=\"hidden\" name=\"referer_url\" value=\"\" \/><div class=\"forminator-row forminator-row-last\"><div class=\"forminator-col\"><div class=\"forminator-field\"><button class=\"forminator-button forminator-button-submit\">ENVIAR<\/button><\/div><\/div><\/div><input type=\"hidden\" id=\"forminator_nonce\" name=\"forminator_nonce\" value=\"39a11e05da\" \/><input type=\"hidden\" name=\"_wp_http_referer\" value=\"\/index.php?rest_route=%2Fwp%2Fv2%2Fpages%2F6\" \/><input type=\"hidden\" name=\"form_id\" value=\"85\"><input type=\"hidden\" name=\"page_id\" value=\"6\"><input type=\"hidden\" name=\"form_type\" value=\"default\"><input type=\"hidden\" name=\"current_url\" value=\"https:\/\/despierta.viveayacucho.com\/\"><input type=\"hidden\" name=\"render_id\" value=\"0\"><input type=\"hidden\" name=\"action\" value=\"forminator_submit_form_custom-forms\"><\/form><\/div>\n<\/div>\n<\/div>\n","protected":false},"excerpt":{"rendered":"<p>\u00bfQuieres obtener tu copia en papel? Por favor completa los datos para el env\u00edo dentro de Argentina y adjunta el comprobante de la transferencia. Recibir\u00e1s un email de confirmaci\u00f3n cuando recibamos tu pago y otro con el n\u00famero de seguimiento de tu env\u00edo. Si deseas comprar desde el exterior o tienes alguna duda, ponte en [&hellip;]<\/p>\n","protected":false},"author":1,"featured_media":0,"parent":0,"menu_order":0,"comment_status":"closed","ping_status":"closed","template":"page-no-title","meta":{"footnotes":""},"class_list":["post-6","page","type-page","status-publish","hentry"],"_hostinger_reach_plugin_has_subscription_block":false,"_hostinger_reach_plugin_is_elementor":false,"_links":{"self":[{"href":"https:\/\/despierta.viveayacucho.com\/index.php?rest_route=\/wp\/v2\/pages\/6","targetHints":{"allow":["GET"]}}],"collection":[{"href":"https:\/\/despierta.viveayacucho.com\/index.php?rest_route=\/wp\/v2\/pages"}],"about":[{"href":"https:\/\/despierta.viveayacucho.com\/index.php?rest_route=\/wp\/v2\/types\/page"}],"author":[{"embeddable":true,"href":"https:\/\/despierta.viveayacucho.com\/index.php?rest_route=\/wp\/v2\/users\/1"}],"replies":[{"embeddable":true,"href":"https:\/\/despierta.viveayacucho.com\/index.php?rest_route=%2Fwp%2Fv2%2Fcomments&post=6"}],"version-history":[{"count":42,"href":"https:\/\/despierta.viveayacucho.com\/index.php?rest_route=\/wp\/v2\/pages\/6\/revisions"}],"predecessor-version":[{"id":92,"href":"https:\/\/despierta.viveayacucho.com\/index.php?rest_route=\/wp\/v2\/pages\/6\/revisions\/92"}],"wp:attachment":[{"href":"https:\/\/despierta.viveayacucho.com\/index.php?rest_route=%2Fwp%2Fv2%2Fmedia&parent=6"}],"curies":[{"name":"wp","href":"https:\/\/api.w.org\/{rel}","templated":true}]}}